{"id":13852,"date":"2025-06-20T09:20:37","date_gmt":"2025-06-20T09:20:37","guid":{"rendered":"https:\/\/masa.allianceever.com\/?page_id=13852"},"modified":"2025-06-20T09:57:01","modified_gmt":"2025-06-20T09:57:01","slug":"logistique-pour-lenergie-renouvelable-masa-maroc","status":"publish","type":"page","link":"https:\/\/masa.allianceever.com\/en\/logistique-pour-lenergie-renouvelable-masa-maroc\/","title":{"rendered":"Logistique pour l&#8217;\u00c9nergie Renouvelable &#8211; Masa Maroc"},"content":{"rendered":"<div data-elementor-type=\"wp-page\" data-elementor-id=\"13852\" class=\"elementor elementor-13852\" data-elementor-post-type=\"page\">\n\t\t\t\t\t\t<section class=\"elementor-section elementor-top-section elementor-element elementor-element-cce65d8 page-title-section elementor-section-stretched elementor-section-boxed elementor-section-height-default elementor-section-height-default\" data-id=\"cce65d8\" data-element_type=\"section\" data-settings=\"{&quot;background_background&quot;:&quot;classic&quot;,&quot;stretch_section&quot;:&quot;section-stretched&quot;}\">\n\t\t\t\t\t\t\t<div class=\"elementor-background-overlay\"><\/div>\n\t\t\t\t\t\t\t<div class=\"elementor-container elementor-column-gap-extended\">\n\t\t\t\t\t<div class=\"elementor-column elementor-col-100 elementor-top-column elementor-element elementor-element-0f31614\" data-id=\"0f31614\" data-element_type=\"column\">\n\t\t\t<div class=\"elementor-widget-wrap elementor-element-populated\">\n\t\t\t\t\t\t<div class=\"elementor-element elementor-element-5138016 mb-0 elementor-widget elementor-widget-text-editor\" data-id=\"5138016\" data-element_type=\"widget\" data-widget_type=\"text-editor.default\">\n\t\t\t\t<div class=\"elementor-widget-container\">\n\t\t\t\t\t\t\t\t\t<h1>Renewable Energies<\/h1>\t\t\t\t\t\t\t\t<\/div>\n\t\t\t\t<\/div>\n\t\t\t\t<div class=\"elementor-element elementor-element-b8b7d27 mb-0 elementor-widget elementor-widget-text-editor\" data-id=\"b8b7d27\" data-element_type=\"widget\" data-widget_type=\"text-editor.default\">\n\t\t\t\t<div class=\"elementor-widget-container\">\n\t\t\t\t\t\t\t\t\t<ul>\n \t<li><a href=\"https:\/\/masa.allianceever.com\/en\/?page_id=5924\">Home<\/a><\/li>\n \t<li>Renewable Energies<\/li>\n<\/ul>\t\t\t\t\t\t\t\t<\/div>\n\t\t\t\t<\/div>\n\t\t\t\t\t<\/div>\n\t\t<\/div>\n\t\t\t\t\t<\/div>\n\t\t<\/section>\n\t\t\t\t<section class=\"elementor-section elementor-top-section elementor-element elementor-element-1528ef7 elementor-section-stretched about-3 elementor-section-boxed elementor-section-height-default elementor-section-height-default\" data-id=\"1528ef7\" data-element_type=\"section\" data-settings=\"{&quot;stretch_section&quot;:&quot;section-stretched&quot;}\">\n\t\t\t\t\t\t<div class=\"elementor-container elementor-column-gap-extended\">\n\t\t\t\t\t<div class=\"elementor-column elementor-col-100 elementor-top-column elementor-element elementor-element-708c372\" data-id=\"708c372\" data-element_type=\"column\">\n\t\t\t<div class=\"elementor-widget-wrap elementor-element-populated\">\n\t\t\t\t\t\t<section class=\"elementor-section elementor-inner-section elementor-element elementor-element-acf1a10 elementor-section-boxed elementor-section-height-default elementor-section-height-default\" data-id=\"acf1a10\" data-element_type=\"section\">\n\t\t\t\t\t\t<div class=\"elementor-container elementor-column-gap-no\">\n\t\t\t\t\t<div class=\"elementor-column elementor-col-50 elementor-inner-column elementor-element elementor-element-821cb46\" data-id=\"821cb46\" data-element_type=\"column\">\n\t\t\t<div class=\"elementor-widget-wrap elementor-element-populated\">\n\t\t\t\t\t\t<div class=\"elementor-element elementor-element-cbcc976 mb-0 elementor-widget elementor-widget-text-editor\" data-id=\"cbcc976\" data-element_type=\"widget\" data-widget_type=\"text-editor.default\">\n\t\t\t\t<div class=\"elementor-widget-container\">\n\t\t\t\t\t\t\t\t\t<div class=\"title-style7 mb-2-2 pe-xl-5\">\n\nMasa Morocco<h2 class=\"display-5 font-weight-800 mb-0 lh-1\">Your trusted partner for a successful energy transition<\/h2>\n<\/div>\t\t\t\t\t\t\t\t<\/div>\n\t\t\t\t<\/div>\n\t\t\t\t<div class=\"elementor-element elementor-element-48d515a elementor-widget elementor-widget-text-editor\" data-id=\"48d515a\" data-element_type=\"widget\" data-widget_type=\"text-editor.default\">\n\t\t\t\t<div class=\"elementor-widget-container\">\n\t\t\t\t\t\t\t\t\t<p class=\"translation-block\">The renewable energies sector is growing exponentially, and its rapid development relies not only on cutting-edge technologies, but also on perfectly orchestrated logistics. We understand the unique challenges posed by the transportation and handling of wind, solar and other green infrastructure components. Thanks to our expertise in road transport, exceptional loads, precision handling and integrated logistics management, we are your preferred partner for securing and optimizing the supply chain of your clean energy projects.<\/p>\t\t\t\t\t\t\t\t<\/div>\n\t\t\t\t<\/div>\n\t\t\t\t<div class=\"elementor-element elementor-element-567766f mb-0 elementor-widget elementor-widget-text-editor\" data-id=\"567766f\" data-element_type=\"widget\" data-widget_type=\"text-editor.default\">\n\t\t\t\t<div class=\"elementor-widget-container\">\n\t\t\t\t\t\t\t\t\t<a class=\"btn-style4\" href=\"https:\/\/masa.allianceever.com\/en\/about\/\">About us<\/a>\t\t\t\t\t\t\t\t<\/div>\n\t\t\t\t<\/div>\n\t\t\t\t\t<\/div>\n\t\t<\/div>\n\t\t\t\t<div class=\"elementor-column elementor-col-50 elementor-inner-column elementor-element elementor-element-c014b83 position-relative about-img\" data-id=\"c014b83\" data-element_type=\"column\">\n\t\t\t<div class=\"elementor-widget-wrap elementor-element-populated\">\n\t\t\t\t\t\t<div class=\"elementor-element elementor-element-0887754 mb-0 elementor-widget elementor-widget-image\" data-id=\"0887754\" data-element_type=\"widget\" data-widget_type=\"image.default\">\n\t\t\t\t<div class=\"elementor-widget-container\">\n\t\t\t\t\t\t\t\t\t\t\t\t\t\t\t<img decoding=\"async\" src=\"https:\/\/masa.allianceever.com\/wp-content\/uploads\/2022\/01\/Transport-deoliennes-par-route-MASA-Maroc.png\" title=\"Transport d&#8217;\u00e9oliennes par route MASA Maroc\" alt=\"Transport d&#039;Energies Renouvlables\" loading=\"lazy\" \/>\t\t\t\t\t\t\t\t\t\t\t\t\t\t\t<\/div>\n\t\t\t\t<\/div>\n\t\t\t\t<div class=\"elementor-element elementor-element-18fd348 elementor-widget__width-auto elementor-absolute mb-0 elementor-hidden-mobile elementor-widget elementor-widget-image\" data-id=\"18fd348\" data-element_type=\"widget\" data-settings=\"{&quot;_position&quot;:&quot;absolute&quot;}\" data-widget_type=\"image.default\">\n\t\t\t\t<div class=\"elementor-widget-container\">\n\t\t\t\t\t\t\t\t\t\t\t\t\t\t\t<img decoding=\"async\" src=\"https:\/\/masa.allianceever.com\/wp-content\/uploads\/2025\/03\/Road-survey-by-MASA-Maroc.png\" title=\"Road survey by MASA Maroc\" alt=\"Road survey by MASA Maroc\" loading=\"lazy\" \/>\t\t\t\t\t\t\t\t\t\t\t\t\t\t\t<\/div>\n\t\t\t\t<\/div>\n\t\t\t\t\t<\/div>\n\t\t<\/div>\n\t\t\t\t\t<\/div>\n\t\t<\/section>\n\t\t\t\t\t<\/div>\n\t\t<\/div>\n\t\t\t\t\t<\/div>\n\t\t<\/section>\n\t\t\t\t<section class=\"elementor-section elementor-top-section elementor-element elementor-element-2a45252 elementor-section-stretched elementor-section-boxed elementor-section-height-default elementor-section-height-default\" data-id=\"2a45252\" data-element_type=\"section\" data-settings=\"{&quot;stretch_section&quot;:&quot;section-stretched&quot;}\">\n\t\t\t\t\t\t<div class=\"elementor-container elementor-column-gap-extended\">\n\t\t\t\t\t<div class=\"elementor-column elementor-col-100 elementor-top-column elementor-element elementor-element-84983b0\" data-id=\"84983b0\" data-element_type=\"column\">\n\t\t\t<div class=\"elementor-widget-wrap elementor-element-populated\">\n\t\t\t\t\t\t<div class=\"elementor-element elementor-element-9a2ce5d elementor-widget-divider--view-line elementor-widget elementor-widget-divider\" data-id=\"9a2ce5d\" data-element_type=\"widget\" data-widget_type=\"divider.default\">\n\t\t\t\t<div class=\"elementor-widget-container\">\n\t\t\t\t\t\t\t<div class=\"elementor-divider\">\n\t\t\t<span class=\"elementor-divider-separator\">\n\t\t\t\t\t\t<\/span>\n\t\t<\/div>\n\t\t\t\t\t\t<\/div>\n\t\t\t\t<\/div>\n\t\t\t\t<div class=\"elementor-element elementor-element-167ee83 mb-0 elementor-widget elementor-widget-text-editor\" data-id=\"167ee83\" data-element_type=\"widget\" data-widget_type=\"text-editor.default\">\n\t\t\t\t<div class=\"elementor-widget-container\">\n\t\t\t\t\t\t\t\t\t<div class=\"title-style4 mb-1-9 mb-md-5\">\n<div class=\"sm-title\">Our services<\/div>\n<h2 class=\"display-6 w-md-55 w-lg-45 w-xl-40 w-xxl-35 font-weight-800 mb-0\">Why choose MASA for your projects?<\/h2>\n<\/div>\t\t\t\t\t\t\t\t<\/div>\n\t\t\t\t<\/div>\n\t\t\t\t<section class=\"elementor-section elementor-inner-section elementor-element elementor-element-0b5806a elementor-section-boxed elementor-section-height-default elementor-section-height-default\" data-id=\"0b5806a\" data-element_type=\"section\">\n\t\t\t\t\t\t<div class=\"elementor-container elementor-column-gap-default\">\n\t\t\t\t\t<div class=\"elementor-column elementor-col-50 elementor-inner-column elementor-element elementor-element-6cfeef6 position-relative\" data-id=\"6cfeef6\" data-element_type=\"column\">\n\t\t\t<div class=\"elementor-widget-wrap elementor-element-populated\">\n\t\t\t\t\t\t<div class=\"elementor-element elementor-element-8207307 elementor-widget elementor-widget-text-editor\" data-id=\"8207307\" data-element_type=\"widget\" data-widget_type=\"text-editor.default\">\n\t\t\t\t<div class=\"elementor-widget-container\">\n\t\t\t\t\t\t\t\t\t<p data-sourcepos=\"15:1-15:127\">We offer a unique synergy of skills and resources tailored to the specific requirements of renewable energy:<\/p><ul data-sourcepos=\"17:1-23:0\"><li data-sourcepos=\"17:1-17:342\" class=\"translation-block\"><strong>Expertise in Exceptional Transport:<\/strong> Renewable energy components (wind turbine blades, nacelles, tower sections, oversized solar modules) require specialized know-how. Our diversified fleet and expert teams ensure safe, compliant transport, even to the most remote sites.<\/li><li data-sourcepos=\"19:1-19:275\" class=\"translation-block\"><strong>Integrated Logistics Management:<\/strong> From import to customs clearance, from secure storage on our platforms to final on-site delivery, we manage the entire supply chain. Our rigorous coordination optimizes flows and reduces your project lead times.<\/li><li data-sourcepos=\"20:1-20:267\" class=\"translation-block\"><strong>Strict Security and Compliance:<\/strong> Security is at the heart of all our operations. We adhere to rigorous protocols and international regulations to ensure the protection of your investments and the safety of all stakeholders.<\/li><li data-sourcepos=\"21:1-21:234\" class=\"translation-block\"><strong>Modern and Adapted Fleet:<\/strong> Masa Maroc has a fleet of specialized vehicles (modular trailers, tank carriers, cranes, lifting equipment) capable of adapting to all component configurations and dimensions.<\/li><li data-sourcepos=\"22:1-23:0\" class=\"translation-block\"><strong>In-depth knowledge of the Moroccan territory:<\/strong> Our local roots give us a command of road infrastructures and geographical specificities, a major asset for executing projects throughout Morocco.<\/li><\/ul>\t\t\t\t\t\t\t\t<\/div>\n\t\t\t\t<\/div>\n\t\t\t\t<div class=\"elementor-element elementor-element-755641e mb-0 elementor-widget elementor-widget-text-editor\" data-id=\"755641e\" data-element_type=\"widget\" data-widget_type=\"text-editor.default\">\n\t\t\t\t<div class=\"elementor-widget-container\">\n\t\t\t\t\t\t\t\t\t<p><a class=\"btn-style4\" href=\"https:\/\/masa.allianceever.com\/en\/contact\/\">Contact us<\/a><\/p>\t\t\t\t\t\t\t\t<\/div>\n\t\t\t\t<\/div>\n\t\t\t\t\t<\/div>\n\t\t<\/div>\n\t\t\t\t<div class=\"elementor-column elementor-col-50 elementor-inner-column elementor-element elementor-element-26fd0d4 elementor-hidden-tablet elementor-hidden-mobile\" data-id=\"26fd0d4\" data-element_type=\"column\">\n\t\t\t<div class=\"elementor-widget-wrap elementor-element-populated\">\n\t\t\t\t\t\t<div class=\"elementor-element elementor-element-0dccf95 elementor-widget elementor-widget-image\" data-id=\"0dccf95\" data-element_type=\"widget\" data-widget_type=\"image.default\">\n\t\t\t\t<div class=\"elementor-widget-container\">\n\t\t\t\t\t\t\t\t\t\t\t\t\t\t\t<img fetchpriority=\"high\" decoding=\"async\" width=\"1000\" height=\"644\" src=\"https:\/\/masa.allianceever.com\/wp-content\/uploads\/2025\/06\/375756.webp\" class=\"attachment-large size-large wp-image-13854\" alt=\"\" srcset=\"https:\/\/masa.allianceever.com\/wp-content\/uploads\/2025\/06\/375756.webp 1000w, https:\/\/masa.allianceever.com\/wp-content\/uploads\/2025\/06\/375756-300x193.webp 300w, https:\/\/masa.allianceever.com\/wp-content\/uploads\/2025\/06\/375756-768x495.webp 768w, https:\/\/masa.allianceever.com\/wp-content\/uploads\/2025\/06\/375756-18x12.webp 18w\" sizes=\"(max-width: 1000px) 100vw, 1000px\" \/>\t\t\t\t\t\t\t\t\t\t\t\t\t\t\t<\/div>\n\t\t\t\t<\/div>\n\t\t\t\t\t<\/div>\n\t\t<\/div>\n\t\t\t\t\t<\/div>\n\t\t<\/section>\n\t\t\t\t\t<\/div>\n\t\t<\/div>\n\t\t\t\t\t<\/div>\n\t\t<\/section>\n\t\t<div class=\"elementor-element elementor-element-918606e e-flex e-con-boxed e-con e-parent\" data-id=\"918606e\" data-element_type=\"container\">\n\t\t\t\t\t<div class=\"e-con-inner\">\n\t\t\t\t\t<\/div>\n\t\t\t\t<\/div>\n\t\t\t\t<\/div>","protected":false},"excerpt":{"rendered":"<p>\u00c9nergies Renouvelables Accueil \u00c9nergies Renouvelables Masa Maroc Votre Partenaire de Confiance pour une Transition \u00c9nerg\u00e9tique R\u00e9ussie Le secteur de l&#8217;\u00e9nergie renouvelable conna\u00eet une croissance exponentielle, et son d\u00e9veloppement rapide repose non seulement sur des technologies de pointe, mais aussi sur une logistique parfaitement orchestr\u00e9e. Chez Masa Maroc, nous comprenons les d\u00e9fis uniques pos\u00e9s par le [&hellip;]<\/p>","protected":false},"author":1,"featured_media":0,"parent":0,"menu_order":0,"comment_status":"closed","ping_status":"closed","template":"page-templates\/home.php","meta":{"footnotes":""},"class_list":["post-13852","page","type-page","status-publish","hentry"],"_links":{"self":[{"href":"https:\/\/masa.allianceever.com\/en\/wp-json\/wp\/v2\/pages\/13852","targetHints":{"allow":["GET"]}}],"collection":[{"href":"https:\/\/masa.allianceever.com\/en\/wp-json\/wp\/v2\/pages"}],"about":[{"href":"https:\/\/masa.allianceever.com\/en\/wp-json\/wp\/v2\/types\/page"}],"author":[{"embeddable":true,"href":"https:\/\/masa.allianceever.com\/en\/wp-json\/wp\/v2\/users\/1"}],"replies":[{"embeddable":true,"href":"https:\/\/masa.allianceever.com\/en\/wp-json\/wp\/v2\/comments?post=13852"}],"version-history":[{"count":7,"href":"https:\/\/masa.allianceever.com\/en\/wp-json\/wp\/v2\/pages\/13852\/revisions"}],"predecessor-version":[{"id":13861,"href":"https:\/\/masa.allianceever.com\/en\/wp-json\/wp\/v2\/pages\/13852\/revisions\/13861"}],"wp:attachment":[{"href":"https:\/\/masa.allianceever.com\/en\/wp-json\/wp\/v2\/media?parent=13852"}],"curies":[{"name":"wp","href":"https:\/\/api.w.org\/{rel}","templated":true}]}}