{"id":13865,"date":"2025-06-20T10:01:18","date_gmt":"2025-06-20T10:01:18","guid":{"rendered":"https:\/\/masa.allianceever.com\/?page_id=13865"},"modified":"2025-06-20T11:52:28","modified_gmt":"2025-06-20T11:52:28","slug":"projets-industriels-masa-maroc","status":"publish","type":"page","link":"https:\/\/masa.allianceever.com\/en\/projets-industriels-masa-maroc\/","title":{"rendered":"Projets Industriels &#8211; Masa Maroc"},"content":{"rendered":"<div data-elementor-type=\"wp-page\" data-elementor-id=\"13865\" class=\"elementor elementor-13865\" data-elementor-post-type=\"page\">\n\t\t\t\t\t\t<section class=\"elementor-section elementor-top-section elementor-element elementor-element-cce65d8 page-title-section elementor-section-stretched elementor-section-boxed elementor-section-height-default elementor-section-height-default\" data-id=\"cce65d8\" data-element_type=\"section\" data-settings=\"{&quot;background_background&quot;:&quot;classic&quot;,&quot;stretch_section&quot;:&quot;section-stretched&quot;}\">\n\t\t\t\t\t\t\t<div class=\"elementor-background-overlay\"><\/div>\n\t\t\t\t\t\t\t<div class=\"elementor-container elementor-column-gap-extended\">\n\t\t\t\t\t<div class=\"elementor-column elementor-col-100 elementor-top-column elementor-element elementor-element-0f31614\" data-id=\"0f31614\" data-element_type=\"column\">\n\t\t\t<div class=\"elementor-widget-wrap elementor-element-populated\">\n\t\t\t\t\t\t<div class=\"elementor-element elementor-element-5138016 mb-0 elementor-widget elementor-widget-text-editor\" data-id=\"5138016\" data-element_type=\"widget\" data-widget_type=\"text-editor.default\">\n\t\t\t\t<div class=\"elementor-widget-container\">\n\t\t\t\t\t\t\t\t\t<h1>Industrial Projects <\/h1>\t\t\t\t\t\t\t\t<\/div>\n\t\t\t\t<\/div>\n\t\t\t\t<div class=\"elementor-element elementor-element-b8b7d27 mb-0 elementor-widget elementor-widget-text-editor\" data-id=\"b8b7d27\" data-element_type=\"widget\" data-widget_type=\"text-editor.default\">\n\t\t\t\t<div class=\"elementor-widget-container\">\n\t\t\t\t\t\t\t\t\t<ul><li><a href=\"https:\/\/masa.allianceever.com\/en\/?page_id=5924\">Home<\/a><\/li><li>Projets industriels<\/li><\/ul>\t\t\t\t\t\t\t\t<\/div>\n\t\t\t\t<\/div>\n\t\t\t\t\t<\/div>\n\t\t<\/div>\n\t\t\t\t\t<\/div>\n\t\t<\/section>\n\t\t\t\t<section class=\"elementor-section elementor-top-section elementor-element elementor-element-1528ef7 elementor-section-stretched about-3 elementor-section-boxed elementor-section-height-default elementor-section-height-default\" data-id=\"1528ef7\" data-element_type=\"section\" data-settings=\"{&quot;stretch_section&quot;:&quot;section-stretched&quot;}\">\n\t\t\t\t\t\t<div class=\"elementor-container elementor-column-gap-extended\">\n\t\t\t\t\t<div class=\"elementor-column elementor-col-100 elementor-top-column elementor-element elementor-element-708c372\" data-id=\"708c372\" data-element_type=\"column\">\n\t\t\t<div class=\"elementor-widget-wrap elementor-element-populated\">\n\t\t\t\t\t\t<section class=\"elementor-section elementor-inner-section elementor-element elementor-element-acf1a10 elementor-section-boxed elementor-section-height-default elementor-section-height-default\" data-id=\"acf1a10\" data-element_type=\"section\">\n\t\t\t\t\t\t<div class=\"elementor-container elementor-column-gap-no\">\n\t\t\t\t\t<div class=\"elementor-column elementor-col-50 elementor-inner-column elementor-element elementor-element-821cb46\" data-id=\"821cb46\" data-element_type=\"column\">\n\t\t\t<div class=\"elementor-widget-wrap elementor-element-populated\">\n\t\t\t\t\t\t<div class=\"elementor-element elementor-element-cbcc976 mb-0 elementor-widget elementor-widget-text-editor\" data-id=\"cbcc976\" data-element_type=\"widget\" data-widget_type=\"text-editor.default\">\n\t\t\t\t<div class=\"elementor-widget-container\">\n\t\t\t\t\t\t\t\t\t<div class=\"title-style7 mb-2-2 pe-xl-5\"><p>Masa Morocco<\/p><h2 class=\"display-5 font-weight-800 mb-0 lh-1\">Essential Expertise for the Success of Your Infrastructures<\/h2><\/div>\t\t\t\t\t\t\t\t<\/div>\n\t\t\t\t<\/div>\n\t\t\t\t<div class=\"elementor-element elementor-element-48d515a elementor-widget elementor-widget-text-editor\" data-id=\"48d515a\" data-element_type=\"widget\" data-widget_type=\"text-editor.default\">\n\t\t\t\t<div class=\"elementor-widget-container\">\n\t\t\t\t\t\t\t\t\t<p class=\"translation-block\">Large-scale industrial projects - whether building new plants, expanding existing sites, relocating complex production lines or installing heavy machinery - demand logistics of unparalleled precision and complexity. We are the strategic partner for demanding industries, offering proven expertise in road haulage, abnormal loads, heavy handling, jacking and integrated logistics management. We design and implement customized solutions to bring your industrial projects to fruition efficiently, safely and on time.<\/p>\t\t\t\t\t\t\t\t<\/div>\n\t\t\t\t<\/div>\n\t\t\t\t<div class=\"elementor-element elementor-element-567766f mb-0 elementor-widget elementor-widget-text-editor\" data-id=\"567766f\" data-element_type=\"widget\" data-widget_type=\"text-editor.default\">\n\t\t\t\t<div class=\"elementor-widget-container\">\n\t\t\t\t\t\t\t\t\t<a class=\"btn-style4\" href=\"https:\/\/masa.allianceever.com\/en\/about\/\">About us<\/a>\t\t\t\t\t\t\t\t<\/div>\n\t\t\t\t<\/div>\n\t\t\t\t\t<\/div>\n\t\t<\/div>\n\t\t\t\t<div class=\"elementor-column elementor-col-50 elementor-inner-column elementor-element elementor-element-c014b83 position-relative about-img\" data-id=\"c014b83\" data-element_type=\"column\">\n\t\t\t<div class=\"elementor-widget-wrap elementor-element-populated\">\n\t\t\t\t\t\t<div class=\"elementor-element elementor-element-0887754 mb-0 elementor-widget elementor-widget-image\" data-id=\"0887754\" data-element_type=\"widget\" data-widget_type=\"image.default\">\n\t\t\t\t<div class=\"elementor-widget-container\">\n\t\t\t\t\t\t\t\t\t\t\t\t\t\t\t<img decoding=\"async\" src=\"https:\/\/masa.allianceever.com\/wp-content\/uploads\/2025\/06\/Projet-Industriel-M2TC-Maroc-Transitaire-Casablanca.png\" title=\"Projet-Industriel-M2TC-Maroc-Transitaire-Casablanca\" alt=\"Projet-Industriel-M2TC-Maroc-Transitaire-Casablanca\" loading=\"lazy\" \/>\t\t\t\t\t\t\t\t\t\t\t\t\t\t\t<\/div>\n\t\t\t\t<\/div>\n\t\t\t\t<div class=\"elementor-element elementor-element-18fd348 elementor-widget__width-auto elementor-absolute mb-0 elementor-hidden-mobile elementor-widget elementor-widget-image\" data-id=\"18fd348\" data-element_type=\"widget\" data-settings=\"{&quot;_position&quot;:&quot;absolute&quot;}\" data-widget_type=\"image.default\">\n\t\t\t\t<div class=\"elementor-widget-container\">\n\t\t\t\t\t\t\t\t\t\t\t\t\t\t\t<img decoding=\"async\" src=\"https:\/\/masa.allianceever.com\/wp-content\/uploads\/2022\/01\/Projets-industriels.png\" title=\"Projets industriels\" alt=\"Industrial Projects\" loading=\"lazy\" \/>\t\t\t\t\t\t\t\t\t\t\t\t\t\t\t<\/div>\n\t\t\t\t<\/div>\n\t\t\t\t\t<\/div>\n\t\t<\/div>\n\t\t\t\t\t<\/div>\n\t\t<\/section>\n\t\t\t\t\t<\/div>\n\t\t<\/div>\n\t\t\t\t\t<\/div>\n\t\t<\/section>\n\t\t\t\t<section class=\"elementor-section elementor-top-section elementor-element elementor-element-2a45252 elementor-section-stretched elementor-section-boxed elementor-section-height-default elementor-section-height-default\" data-id=\"2a45252\" data-element_type=\"section\" data-settings=\"{&quot;stretch_section&quot;:&quot;section-stretched&quot;}\">\n\t\t\t\t\t\t<div class=\"elementor-container elementor-column-gap-extended\">\n\t\t\t\t\t<div class=\"elementor-column elementor-col-100 elementor-top-column elementor-element elementor-element-84983b0\" data-id=\"84983b0\" data-element_type=\"column\">\n\t\t\t<div class=\"elementor-widget-wrap elementor-element-populated\">\n\t\t\t\t\t\t<div class=\"elementor-element elementor-element-9a2ce5d elementor-widget-divider--view-line elementor-widget elementor-widget-divider\" data-id=\"9a2ce5d\" data-element_type=\"widget\" data-widget_type=\"divider.default\">\n\t\t\t\t<div class=\"elementor-widget-container\">\n\t\t\t\t\t\t\t<div class=\"elementor-divider\">\n\t\t\t<span class=\"elementor-divider-separator\">\n\t\t\t\t\t\t<\/span>\n\t\t<\/div>\n\t\t\t\t\t\t<\/div>\n\t\t\t\t<\/div>\n\t\t\t\t<div class=\"elementor-element elementor-element-167ee83 mb-0 elementor-widget elementor-widget-text-editor\" data-id=\"167ee83\" data-element_type=\"widget\" data-widget_type=\"text-editor.default\">\n\t\t\t\t<div class=\"elementor-widget-container\">\n\t\t\t\t\t\t\t\t\t<div class=\"title-style4 mb-1-9 mb-md-5\">\n<div class=\"sm-title\">Our services<\/div>\n<h2 class=\"display-6 w-md-55 w-lg-45 w-xl-40 w-xxl-35 font-weight-800 mb-0\">Why choose MASA for your projects?<\/h2>\n<\/div>\t\t\t\t\t\t\t\t<\/div>\n\t\t\t\t<\/div>\n\t\t\t\t<section class=\"elementor-section elementor-inner-section elementor-element elementor-element-0b5806a elementor-section-boxed elementor-section-height-default elementor-section-height-default\" data-id=\"0b5806a\" data-element_type=\"section\">\n\t\t\t\t\t\t<div class=\"elementor-container elementor-column-gap-default\">\n\t\t\t\t\t<div class=\"elementor-column elementor-col-50 elementor-inner-column elementor-element elementor-element-6cfeef6 position-relative\" data-id=\"6cfeef6\" data-element_type=\"column\">\n\t\t\t<div class=\"elementor-widget-wrap elementor-element-populated\">\n\t\t\t\t\t\t<div class=\"elementor-element elementor-element-8207307 elementor-widget elementor-widget-text-editor\" data-id=\"8207307\" data-element_type=\"widget\" data-widget_type=\"text-editor.default\">\n\t\t\t\t<div class=\"elementor-widget-container\">\n\t\t\t\t\t\t\t\t\t<p data-sourcepos=\"15:1-15:161\">Our commitment to excellence and our ability to manage major logistical challenges make us the preferred choice for your industrial operations:<\/p><ul data-sourcepos=\"17:1-23:0\"><li data-sourcepos=\"17:1-17:359\" class=\"translation-block\"><strong>Mastering oversize transport:<\/strong> Moving large machine tools, modular components, transformers or prefabricated structures is our specialty. We plan and execute exceptional transports with detailed logistics engineering, including route studies and the necessary permits.<\/li><li data-sourcepos=\"18:1-18:336\" class=\"translation-block\"><strong>Precision Handling and Positioning:<\/strong> The installation, redeployment or transfer of heavy industrial equipment requires specialized expertise. Our qualified teams and our jacking, lifting and handling equipment guarantee millimetric positioning, minimizing risks and downtime.<\/li><li data-sourcepos=\"19:1-19:310\" class=\"translation-block\"><strong>Integrated Project Logistics Management:<\/strong> We take care of your entire project supply chain, from initial assessment to final installation. This includes multi-modal flow coordination, secure temporary storage, document management and schedule optimization.<\/li><li data-sourcepos=\"20:1-20:313\" class=\"translation-block\"><strong>Industrial Security and Compliance:<\/strong> Operating in demanding industrial environments, we adhere to the strictest security standards. Our proactive approach to risk management ensures the protection of your assets, our teams and regulatory compliance.<\/li><\/ul>\t\t\t\t\t\t\t\t<\/div>\n\t\t\t\t<\/div>\n\t\t\t\t<div class=\"elementor-element elementor-element-755641e mb-0 elementor-widget elementor-widget-text-editor\" data-id=\"755641e\" data-element_type=\"widget\" data-widget_type=\"text-editor.default\">\n\t\t\t\t<div class=\"elementor-widget-container\">\n\t\t\t\t\t\t\t\t\t<p><a class=\"btn-style4\" href=\"https:\/\/masa.allianceever.com\/en\/contact\/\">Contact us<\/a><\/p>\t\t\t\t\t\t\t\t<\/div>\n\t\t\t\t<\/div>\n\t\t\t\t\t<\/div>\n\t\t<\/div>\n\t\t\t\t<div class=\"elementor-column elementor-col-50 elementor-inner-column elementor-element elementor-element-26fd0d4 elementor-hidden-tablet elementor-hidden-mobile\" data-id=\"26fd0d4\" data-element_type=\"column\">\n\t\t\t<div class=\"elementor-widget-wrap elementor-element-populated\">\n\t\t\t\t\t\t<div class=\"elementor-element elementor-element-0dccf95 elementor-widget elementor-widget-image\" data-id=\"0dccf95\" data-element_type=\"widget\" data-widget_type=\"image.default\">\n\t\t\t\t<div class=\"elementor-widget-container\">\n\t\t\t\t\t\t\t\t\t\t\t\t\t\t\t<img fetchpriority=\"high\" decoding=\"async\" width=\"551\" height=\"416\" src=\"https:\/\/masa.allianceever.com\/wp-content\/uploads\/2025\/03\/20.png\" class=\"attachment-large size-large wp-image-13720\" alt=\"\" srcset=\"https:\/\/masa.allianceever.com\/wp-content\/uploads\/2025\/03\/20.png 551w, https:\/\/masa.allianceever.com\/wp-content\/uploads\/2025\/03\/20-300x226.png 300w\" sizes=\"(max-width: 551px) 100vw, 551px\" \/>\t\t\t\t\t\t\t\t\t\t\t\t\t\t\t<\/div>\n\t\t\t\t<\/div>\n\t\t\t\t\t<\/div>\n\t\t<\/div>\n\t\t\t\t\t<\/div>\n\t\t<\/section>\n\t\t\t\t\t<\/div>\n\t\t<\/div>\n\t\t\t\t\t<\/div>\n\t\t<\/section>\n\t\t<div class=\"elementor-element elementor-element-918606e e-flex e-con-boxed e-con e-parent\" data-id=\"918606e\" data-element_type=\"container\">\n\t\t\t\t\t<div class=\"e-con-inner\">\n\t\t\t\t\t<\/div>\n\t\t\t\t<\/div>\n\t\t\t\t<\/div>","protected":false},"excerpt":{"rendered":"<p>Projets Industriels Accueil Projets industriels Masa Maroc L&#8217;Expertise Essentielle pour la R\u00e9ussite de Vos Infrastructures Les projets industriels d&#8217;envergure \u2013 qu&#8217;il s&#8217;agisse de la construction de nouvelles usines, de l&#8217;extension de sites existants, du d\u00e9m\u00e9nagement de cha\u00eenes de production complexes ou de l&#8217;installation de machines lourdes \u2013 exigent une logistique d&#8217;une pr\u00e9cision et d&#8217;une complexit\u00e9 [&hellip;]<\/p>","protected":false},"author":1,"featured_media":0,"parent":0,"menu_order":0,"comment_status":"closed","ping_status":"closed","template":"page-templates\/home.php","meta":{"footnotes":""},"class_list":["post-13865","page","type-page","status-publish","hentry"],"_links":{"self":[{"href":"https:\/\/masa.allianceever.com\/en\/wp-json\/wp\/v2\/pages\/13865","targetHints":{"allow":["GET"]}}],"collection":[{"href":"https:\/\/masa.allianceever.com\/en\/wp-json\/wp\/v2\/pages"}],"about":[{"href":"https:\/\/masa.allianceever.com\/en\/wp-json\/wp\/v2\/types\/page"}],"author":[{"embeddable":true,"href":"https:\/\/masa.allianceever.com\/en\/wp-json\/wp\/v2\/users\/1"}],"replies":[{"embeddable":true,"href":"https:\/\/masa.allianceever.com\/en\/wp-json\/wp\/v2\/comments?post=13865"}],"version-history":[{"count":7,"href":"https:\/\/masa.allianceever.com\/en\/wp-json\/wp\/v2\/pages\/13865\/revisions"}],"predecessor-version":[{"id":13927,"href":"https:\/\/masa.allianceever.com\/en\/wp-json\/wp\/v2\/pages\/13865\/revisions\/13927"}],"wp:attachment":[{"href":"https:\/\/masa.allianceever.com\/en\/wp-json\/wp\/v2\/media?parent=13865"}],"curies":[{"name":"wp","href":"https:\/\/api.w.org\/{rel}","templated":true}]}}