{"id":13879,"date":"2025-06-20T10:42:49","date_gmt":"2025-06-20T10:42:49","guid":{"rendered":"https:\/\/masa.allianceever.com\/?page_id=13879"},"modified":"2025-06-20T11:51:13","modified_gmt":"2025-06-20T11:51:13","slug":"transport-oversize-masa-maroc","status":"publish","type":"page","link":"https:\/\/masa.allianceever.com\/en\/transport-oversize-masa-maroc\/","title":{"rendered":"Transport Oversize &#8211; Masa Maroc"},"content":{"rendered":"<div data-elementor-type=\"wp-page\" data-elementor-id=\"13879\" class=\"elementor elementor-13879\" data-elementor-post-type=\"page\">\n\t\t\t\t\t\t<section class=\"elementor-section elementor-top-section elementor-element elementor-element-cce65d8 page-title-section elementor-section-stretched elementor-section-boxed elementor-section-height-default elementor-section-height-default\" data-id=\"cce65d8\" data-element_type=\"section\" data-settings=\"{&quot;background_background&quot;:&quot;classic&quot;,&quot;stretch_section&quot;:&quot;section-stretched&quot;}\">\n\t\t\t\t\t\t\t<div class=\"elementor-background-overlay\"><\/div>\n\t\t\t\t\t\t\t<div class=\"elementor-container elementor-column-gap-extended\">\n\t\t\t\t\t<div class=\"elementor-column elementor-col-100 elementor-top-column elementor-element elementor-element-0f31614\" data-id=\"0f31614\" data-element_type=\"column\">\n\t\t\t<div class=\"elementor-widget-wrap elementor-element-populated\">\n\t\t\t\t\t\t<div class=\"elementor-element elementor-element-5138016 mb-0 elementor-widget elementor-widget-text-editor\" data-id=\"5138016\" data-element_type=\"widget\" data-widget_type=\"text-editor.default\">\n\t\t\t\t<div class=\"elementor-widget-container\">\n\t\t\t\t\t\t\t\t\t<h1>Oversized transport<\/h1>\t\t\t\t\t\t\t\t<\/div>\n\t\t\t\t<\/div>\n\t\t\t\t<div class=\"elementor-element elementor-element-b8b7d27 mb-0 elementor-widget elementor-widget-text-editor\" data-id=\"b8b7d27\" data-element_type=\"widget\" data-widget_type=\"text-editor.default\">\n\t\t\t\t<div class=\"elementor-widget-container\">\n\t\t\t\t\t\t\t\t\t<ul><li><a href=\"https:\/\/masa.allianceever.com\/en\/?page_id=5924\">Home<\/a><\/li><li>Oversized transport<\/li><\/ul>\t\t\t\t\t\t\t\t<\/div>\n\t\t\t\t<\/div>\n\t\t\t\t\t<\/div>\n\t\t<\/div>\n\t\t\t\t\t<\/div>\n\t\t<\/section>\n\t\t\t\t<section class=\"elementor-section elementor-top-section elementor-element elementor-element-1528ef7 elementor-section-stretched about-3 elementor-section-boxed elementor-section-height-default elementor-section-height-default\" data-id=\"1528ef7\" data-element_type=\"section\" data-settings=\"{&quot;stretch_section&quot;:&quot;section-stretched&quot;}\">\n\t\t\t\t\t\t<div class=\"elementor-container elementor-column-gap-extended\">\n\t\t\t\t\t<div class=\"elementor-column elementor-col-100 elementor-top-column elementor-element elementor-element-708c372\" data-id=\"708c372\" data-element_type=\"column\">\n\t\t\t<div class=\"elementor-widget-wrap elementor-element-populated\">\n\t\t\t\t\t\t<section class=\"elementor-section elementor-inner-section elementor-element elementor-element-acf1a10 elementor-section-boxed elementor-section-height-default elementor-section-height-default\" data-id=\"acf1a10\" data-element_type=\"section\">\n\t\t\t\t\t\t<div class=\"elementor-container elementor-column-gap-no\">\n\t\t\t\t\t<div class=\"elementor-column elementor-col-50 elementor-inner-column elementor-element elementor-element-821cb46\" data-id=\"821cb46\" data-element_type=\"column\">\n\t\t\t<div class=\"elementor-widget-wrap elementor-element-populated\">\n\t\t\t\t\t\t<div class=\"elementor-element elementor-element-cbcc976 mb-0 elementor-widget elementor-widget-text-editor\" data-id=\"cbcc976\" data-element_type=\"widget\" data-widget_type=\"text-editor.default\">\n\t\t\t\t<div class=\"elementor-widget-container\">\n\t\t\t\t\t\t\t\t\t<div class=\"title-style7 mb-2-2 pe-xl-5\"><p>Masa Morocco<\/p><h2 class=\"display-5 font-weight-800 mb-0 lh-1\">Strategic expertise for the success of your oversize transports<\/h2><\/div>\t\t\t\t\t\t\t\t<\/div>\n\t\t\t\t<\/div>\n\t\t\t\t<div class=\"elementor-element elementor-element-48d515a elementor-widget elementor-widget-text-editor\" data-id=\"48d515a\" data-element_type=\"widget\" data-widget_type=\"text-editor.default\">\n\t\t\t\t<div class=\"elementor-widget-container\">\n\t\t\t\t\t\t\t\t\t<p data-start=\"351\" data-end=\"736\">Complex industrial projects sometimes require more than just transport: they call for mastery of <strong data-start=\"465\" data-end=\"487\">oversize transport.<\/strong>. Moving large equipment, prefabricated structures, or heavy oversized machines requires <strong data-start=\"616\" data-end=\"641\">precise planning.<\/strong>a <strong data-start=\"647\" data-end=\"683\">customized logistics engineering<\/strong> and <strong data-start=\"691\" data-end=\"735\">specific regulatory approvals<\/strong>.<\/p><p data-start=\"738\" data-end=\"965\" class=\"translation-block\">At <strong data-start=\"743\" data-end=\"757\">Masa Maroc<\/strong>, we specialize in the <strong data-start=\"791\" data-end=\"831\">transport of exceptional loads<\/strong>, with proven expertise that guarantees our clients operations that are <strong data-start=\"904\" data-end=\"964\">efficient, safe, and compliant with international standards<\/strong>.<\/p>\t\t\t\t\t\t\t\t<\/div>\n\t\t\t\t<\/div>\n\t\t\t\t<div class=\"elementor-element elementor-element-567766f mb-0 elementor-widget elementor-widget-text-editor\" data-id=\"567766f\" data-element_type=\"widget\" data-widget_type=\"text-editor.default\">\n\t\t\t\t<div class=\"elementor-widget-container\">\n\t\t\t\t\t\t\t\t\t<a class=\"btn-style4\" href=\"https:\/\/masa.allianceever.com\/en\/about\/\">About us<\/a>\t\t\t\t\t\t\t\t<\/div>\n\t\t\t\t<\/div>\n\t\t\t\t\t<\/div>\n\t\t<\/div>\n\t\t\t\t<div class=\"elementor-column elementor-col-50 elementor-inner-column elementor-element elementor-element-c014b83 position-relative about-img\" data-id=\"c014b83\" data-element_type=\"column\">\n\t\t\t<div class=\"elementor-widget-wrap elementor-element-populated\">\n\t\t\t\t\t\t<div class=\"elementor-element elementor-element-0887754 mb-0 elementor-widget elementor-widget-image\" data-id=\"0887754\" data-element_type=\"widget\" data-widget_type=\"image.default\">\n\t\t\t\t<div class=\"elementor-widget-container\">\n\t\t\t\t\t\t\t\t\t\t\t\t\t\t\t<img decoding=\"async\" src=\"https:\/\/masa.allianceever.com\/wp-content\/uploads\/2022\/01\/Transport-Oversize-par-MASA-Maroc.png\" title=\"Transport Oversize par MASA Maroc\" alt=\"Oversized transport\" loading=\"lazy\" \/>\t\t\t\t\t\t\t\t\t\t\t\t\t\t\t<\/div>\n\t\t\t\t<\/div>\n\t\t\t\t\t<\/div>\n\t\t<\/div>\n\t\t\t\t\t<\/div>\n\t\t<\/section>\n\t\t\t\t\t<\/div>\n\t\t<\/div>\n\t\t\t\t\t<\/div>\n\t\t<\/section>\n\t\t\t\t<section class=\"elementor-section elementor-top-section elementor-element elementor-element-2a45252 elementor-section-stretched elementor-section-boxed elementor-section-height-default elementor-section-height-default\" data-id=\"2a45252\" data-element_type=\"section\" data-settings=\"{&quot;stretch_section&quot;:&quot;section-stretched&quot;}\">\n\t\t\t\t\t\t<div class=\"elementor-container elementor-column-gap-extended\">\n\t\t\t\t\t<div class=\"elementor-column elementor-col-100 elementor-top-column elementor-element elementor-element-84983b0\" data-id=\"84983b0\" data-element_type=\"column\">\n\t\t\t<div class=\"elementor-widget-wrap elementor-element-populated\">\n\t\t\t\t\t\t<div class=\"elementor-element elementor-element-9a2ce5d elementor-widget-divider--view-line elementor-widget elementor-widget-divider\" data-id=\"9a2ce5d\" data-element_type=\"widget\" data-widget_type=\"divider.default\">\n\t\t\t\t<div class=\"elementor-widget-container\">\n\t\t\t\t\t\t\t<div class=\"elementor-divider\">\n\t\t\t<span class=\"elementor-divider-separator\">\n\t\t\t\t\t\t<\/span>\n\t\t<\/div>\n\t\t\t\t\t\t<\/div>\n\t\t\t\t<\/div>\n\t\t\t\t<div class=\"elementor-element elementor-element-167ee83 mb-0 elementor-widget elementor-widget-text-editor\" data-id=\"167ee83\" data-element_type=\"widget\" data-widget_type=\"text-editor.default\">\n\t\t\t\t<div class=\"elementor-widget-container\">\n\t\t\t\t\t\t\t\t\t<div class=\"title-style4 mb-1-9 mb-md-5\"><div class=\"sm-title\">Our services<\/div><h2 class=\"display-6 w-md-55 w-lg-45 w-xl-40 w-xxl-35 font-weight-800 mb-0\">Why choose MASA for your oversize projects?<\/h2><\/div>\t\t\t\t\t\t\t\t<\/div>\n\t\t\t\t<\/div>\n\t\t\t\t<section class=\"elementor-section elementor-inner-section elementor-element elementor-element-0b5806a elementor-section-boxed elementor-section-height-default elementor-section-height-default\" data-id=\"0b5806a\" data-element_type=\"section\">\n\t\t\t\t\t\t<div class=\"elementor-container elementor-column-gap-default\">\n\t\t\t\t\t<div class=\"elementor-column elementor-col-50 elementor-inner-column elementor-element elementor-element-6cfeef6 position-relative\" data-id=\"6cfeef6\" data-element_type=\"column\">\n\t\t\t<div class=\"elementor-widget-wrap elementor-element-populated\">\n\t\t\t\t\t\t<div class=\"elementor-element elementor-element-8207307 elementor-widget elementor-widget-text-editor\" data-id=\"8207307\" data-element_type=\"widget\" data-widget_type=\"text-editor.default\">\n\t\t\t\t<div class=\"elementor-widget-container\">\n\t\t\t\t\t\t\t\t\t<p data-sourcepos=\"15:1-15:161\" class=\"translation-block\">Our ability to carry out exceptional transport missions makes us a <strong data-start=\"1303\" data-end=\"1403\">benefit partner for industry, energy and heavy infrastructure construction<\/strong>.<\/p><ul data-sourcepos=\"17:1-23:0\"><li data-sourcepos=\"17:1-17:359\" class=\"translation-block\"><strong data-start=\"1408\" data-end=\"1447\">Expertise in oversized transport<\/strong>: Whether for the movement of wind turbines, transformers, large-capacity tanks or modular structures, we provide technical analysis, route studies, permit management and escort logistics.<\/li><li data-sourcepos=\"18:1-18:336\" class=\"translation-block\"><strong data-start=\"1682\" data-end=\"1715\">Adapted technical solutions<\/strong>: We use specialized equipment such as <strong data-start=\"1771\" data-end=\"1807\">extendable modular trailers<\/strong>, <strong data-start=\"1813\" data-end=\"1841\">self-propelled platforms<\/strong> and <strong data-start=\"1849\" data-end=\"1883\">hydraulic lifting systems<\/strong> to ensure safe transport, even in the most demanding conditions.<\/li><li data-sourcepos=\"19:1-19:310\" class=\"translation-block\"><strong data-start=\"1974\" data-end=\"2010\">Complete logistics coordination<\/strong>: From handling to temporary storage, including lifting and final positioning, we offer an <strong data-start=\"2124\" data-end=\"2143\">integrated service<\/strong>, managed by experienced project managers<\/li><li data-sourcepos=\"20:1-20:313\" class=\"translation-block\"><strong data-start=\"2194\" data-end=\"2219\">Compliance &amp; Safety<\/strong>: All our operations are carried out in strict compliance with road and industrial safety standards. We adopt a proactive approach to risk management, ensuring the protection of property, people, and the environment.<\/li><\/ul>\t\t\t\t\t\t\t\t<\/div>\n\t\t\t\t<\/div>\n\t\t\t\t<div class=\"elementor-element elementor-element-755641e mb-0 elementor-widget elementor-widget-text-editor\" data-id=\"755641e\" data-element_type=\"widget\" data-widget_type=\"text-editor.default\">\n\t\t\t\t<div class=\"elementor-widget-container\">\n\t\t\t\t\t\t\t\t\t<p><a class=\"btn-style4\" href=\"https:\/\/masa.allianceever.com\/en\/contact\/\">Contact us<\/a><\/p>\t\t\t\t\t\t\t\t<\/div>\n\t\t\t\t<\/div>\n\t\t\t\t\t<\/div>\n\t\t<\/div>\n\t\t\t\t<div class=\"elementor-column elementor-col-50 elementor-inner-column elementor-element elementor-element-26fd0d4 elementor-hidden-tablet elementor-hidden-mobile\" data-id=\"26fd0d4\" data-element_type=\"column\">\n\t\t\t<div class=\"elementor-widget-wrap elementor-element-populated\">\n\t\t\t\t\t\t<div class=\"elementor-element elementor-element-0dccf95 elementor-widget elementor-widget-image\" data-id=\"0dccf95\" data-element_type=\"widget\" data-widget_type=\"image.default\">\n\t\t\t\t<div class=\"elementor-widget-container\">\n\t\t\t\t\t\t\t\t\t\t\t\t\t\t\t<img fetchpriority=\"high\" decoding=\"async\" width=\"1024\" height=\"680\" src=\"https:\/\/masa.allianceever.com\/wp-content\/uploads\/2025\/06\/Transport-oversize-Maroc.png\" class=\"attachment-large size-large wp-image-13887\" alt=\"\" srcset=\"https:\/\/masa.allianceever.com\/wp-content\/uploads\/2025\/06\/Transport-oversize-Maroc.png 1024w, https:\/\/masa.allianceever.com\/wp-content\/uploads\/2025\/06\/Transport-oversize-Maroc-300x199.png 300w, https:\/\/masa.allianceever.com\/wp-content\/uploads\/2025\/06\/Transport-oversize-Maroc-768x510.png 768w, https:\/\/masa.allianceever.com\/wp-content\/uploads\/2025\/06\/Transport-oversize-Maroc-18x12.png 18w\" sizes=\"(max-width: 1024px) 100vw, 1024px\" \/>\t\t\t\t\t\t\t\t\t\t\t\t\t\t\t<\/div>\n\t\t\t\t<\/div>\n\t\t\t\t\t<\/div>\n\t\t<\/div>\n\t\t\t\t\t<\/div>\n\t\t<\/section>\n\t\t\t\t\t<\/div>\n\t\t<\/div>\n\t\t\t\t\t<\/div>\n\t\t<\/section>\n\t\t<div class=\"elementor-element elementor-element-918606e e-flex e-con-boxed e-con e-parent\" data-id=\"918606e\" data-element_type=\"container\">\n\t\t\t\t\t<div class=\"e-con-inner\">\n\t\t\t\t\t<\/div>\n\t\t\t\t<\/div>\n\t\t\t\t<\/div>","protected":false},"excerpt":{"rendered":"<p>Transport Oversize Accueil Transport Oversize Masa Maroc L\u2019expertise strat\u00e9gique pour le succ\u00e8s de vos transports oversize Les projets industriels complexes exigent parfois bien plus qu\u2019un simple transport : ils demandent la ma\u00eetrise du transport oversize. D\u00e9placer des \u00e9quipements de grande dimension, des structures pr\u00e9fabriqu\u00e9es, ou des machines lourdes hors gabarit n\u00e9cessite une planification pr\u00e9cise, une [&hellip;]<\/p>","protected":false},"author":2,"featured_media":0,"parent":0,"menu_order":0,"comment_status":"closed","ping_status":"closed","template":"page-templates\/home.php","meta":{"footnotes":""},"class_list":["post-13879","page","type-page","status-publish","hentry"],"_links":{"self":[{"href":"https:\/\/masa.allianceever.com\/en\/wp-json\/wp\/v2\/pages\/13879","targetHints":{"allow":["GET"]}}],"collection":[{"href":"https:\/\/masa.allianceever.com\/en\/wp-json\/wp\/v2\/pages"}],"about":[{"href":"https:\/\/masa.allianceever.com\/en\/wp-json\/wp\/v2\/types\/page"}],"author":[{"embeddable":true,"href":"https:\/\/masa.allianceever.com\/en\/wp-json\/wp\/v2\/users\/2"}],"replies":[{"embeddable":true,"href":"https:\/\/masa.allianceever.com\/en\/wp-json\/wp\/v2\/comments?post=13879"}],"version-history":[{"count":9,"href":"https:\/\/masa.allianceever.com\/en\/wp-json\/wp\/v2\/pages\/13879\/revisions"}],"predecessor-version":[{"id":13924,"href":"https:\/\/masa.allianceever.com\/en\/wp-json\/wp\/v2\/pages\/13879\/revisions\/13924"}],"wp:attachment":[{"href":"https:\/\/masa.allianceever.com\/en\/wp-json\/wp\/v2\/media?parent=13879"}],"curies":[{"name":"wp","href":"https:\/\/api.w.org\/{rel}","templated":true}]}}